{"id":1845,"date":"2020-08-10T10:13:11","date_gmt":"2020-08-10T07:13:11","guid":{"rendered":"http:\/\/20.melikor.ee\/?page_id=1845"},"modified":"2020-09-01T17:54:22","modified_gmt":"2020-09-01T17:54:22","slug":"jarelmaks","status":"publish","type":"page","link":"http:\/\/melikor.ee\/ru\/jarelmaks\/","title":{"rendered":"\u0440\u0430\u0441\u0441\u0440\u043e\u0447\u043a\u0430"},"content":{"rendered":"<p>[vc_row css=&#8221;.vc_custom_1596200725321{padding-top: 90px !important;padding-bottom: px !important;}&#8221;][vc_column el_class=&#8221;text-center&#8221;]\n\t<!-- Element: OT Heading --> \t \n\t<h2 class=\"ot_custom_heading inline-block\" style=\"\" >\u0420\u0430\u0441\u0441\u0440\u043e\u0447\u043a\u0430<\/h2>\t\n\t<!-- Element: OT Line solid --> \t \n\t<div class=\"separator separator-bold\"><span><i class=\"fa fa-wrench\"><\/i><\/span><\/div>\n\t<div class=\"spacer-single\"><\/div>\t      \n[\/vc_column][\/vc_row][vc_row][vc_column css=&#8221;.vc_custom_1597043801082{padding-bottom: 100px !important;}&#8221;][vc_row_inner][vc_column_inner width=&#8221;1\/2&#8243;][vc_column_text]<\/p>\n<h3><b>\u0420\u0430\u0441\u0441\u0440\u043e\u0447\u043a\u0430 ESTO \u2013 \u043d\u0435 \u0445\u043e\u0442\u0438\u0442\u0435 \u043f\u043b\u0430\u0442\u0438\u0442\u044c \u043f\u043e\u043b\u043d\u0443\u044e \u0441\u0443\u043c\u043c\u0443 \u0441\u0440\u0430\u0437\u0443? \u041f\u043b\u0430\u0442\u0438\u0442\u0435 \u0447\u0430\u0441\u0442\u044f\u043c\u0438!<br \/>\n<\/b><\/h3>\n<p class=\" translation-block\">\u0414\u043b\u044f \u043e\u043f\u043b\u0430\u0442\u044b \u0442\u043e\u0432\u0430\u0440\u043e\u0432 \u0438\u043b\u0438 \u0443\u0441\u043b\u0443\u0433, \u0438\u0441\u043f\u043e\u043b\u044c\u0437\u0443\u0439\u0442\u0435 \u0440\u0430\u0441\u0441\u0440\u043e\u0447\u043a\u0443 ESTO - \u0441\u0430\u043c\u0430\u044f \u0434\u043e\u0441\u0442\u0443\u043f\u043d\u0430\u044f, \u0443\u0434\u043e\u0431\u043d\u0430\u044f \u0438 \u0431\u044b\u0441\u0442\u0440\u0430\u044f \u0441\u0441\u044b\u043b\u043a\u0430 \u0440\u0430\u0441\u0441\u0440\u043e\u0447\u043a\u0438 \u0432 \u042d\u0441\u0442\u043e\u043d\u0438\u0438!<\/p>\n<p>\u041f\u0440\u0438 \u043e\u043f\u043b\u0430\u0442\u0435 \u0432 \u0440\u0430\u0441\u0441\u0440\u043e\u0447\u043a\u0443, \u043f\u043e\u0436\u0430\u043b\u0443\u0439\u0441\u0442\u0430, \u0441\u0432\u044f\u0436\u0438\u0442\u0435\u0441\u044c \u0441\u043e \u0441\u043b\u0443\u0436\u0431\u043e\u0439 \u043f\u043e\u0434\u0434\u0435\u0440\u0436\u043a\u0438 \u043a\u043b\u0438\u0435\u043d\u0442\u043e\u0432 ESTO \u0438\u043b\u0438 melikor.ee \u0438 \u0412\u0430\u043c \u0431\u0443\u0434\u0435\u0442 \u043f\u0440\u0435\u0434\u043e\u0441\u0442\u0430\u0432\u043b\u0435\u043d\u0430 \u0441\u0441\u044b\u043b\u043a\u0430 \u043d\u0430 \u0440\u0430\u0441\u0441\u0440\u043e\u0447\u043a\u0443. \u041f\u0440\u0438 \u0441\u043e\u0432\u0435\u0440\u0448\u0435\u043d\u0438\u0438 \u043f\u043b\u0430\u0442\u0435\u0436\u0430 \u0432\u044b\u0431\u0435\u0440\u0438\u0442\u0435 \u043f\u0435\u0440\u0438\u043e\u0434 \u043e\u043f\u043b\u0430\u0442\u044b, \u0441\u0443\u043c\u043c\u0443 \u0435\u0436\u0435\u043c\u0435\u0441\u044f\u0447\u043d\u043e\u0433\u043e \u043f\u043b\u0430\u0442\u0435\u0436\u0430 \u0438 \u043f\u043e\u0434\u043f\u0438\u0448\u0438\u0442\u0435 \u0434\u043e\u0433\u043e\u0432\u043e\u0440 \u0441 \u043f\u043e\u043c\u043e\u0449\u044c\u044e \u0441\u0432\u043e\u0435\u0439 ID-\u043a\u0430\u0440\u0442\u044b, Smart-ID \u0438\u043b\u0438 Mobiil-ID.<span class=\"Apple-converted-space\">\u00a0<\/span><\/p>\n<p>\u0420\u0430\u0441\u0441\u0440\u043e\u0447\u043a\u0430 ESTO - \u044d\u0442\u043e \u0447\u0440\u0435\u0437\u0432\u044b\u0447\u0430\u0439\u043d\u043e \u0431\u044b\u0441\u0442\u0440\u043e\u0435 \u0438 \u0443\u0434\u043e\u0431\u043d\u043e\u0435 \u043f\u043b\u0430\u0442\u0435\u0436\u043d\u043e\u0435 \u0440\u0435\u0448\u0435\u043d\u0438\u0435, \u043a\u043e\u0442\u043e\u0440\u043e\u0435 \u043f\u043e\u043c\u043e\u0436\u0435\u0442 \u0432\u0430\u043c \u043f\u043e\u0434\u0433\u043e\u0442\u043e\u0432\u0438\u0442\u044c \u0433\u0440\u0430\u0444\u0438\u043a \u043f\u043b\u0430\u0442\u0435\u0436\u0435\u0439 \u043d\u0430 \u043e\u0441\u043d\u043e\u0432\u0435 \u0432\u044b\u0431\u0440\u0430\u043d\u043d\u043e\u0433\u043e \u0412\u0430\u043c\u0438 \u043f\u0435\u0440\u0438\u043e\u0434\u0430, \u0442\u043e \u0435\u0441\u0442\u044c \u043f\u043b\u0430\u0442\u0438\u0442\u044c \u0447\u0430\u0441\u0442\u044f\u043c\u0438.\n\n\u042d\u0442\u043e \u043f\u043b\u0430\u0442\u0435\u0436\u043d\u043e\u0435 \u0440\u0435\u0448\u0435\u043d\u0438\u0435 \u043f\u0440\u0438\u043d\u0438\u043c\u0430\u0435\u0442 \u043a\u0440\u0435\u0434\u0438\u0442\u043d\u043e\u0435 \u0440\u0435\u0448\u0435\u043d\u0438\u0435 \u0432 \u0440\u0435\u0430\u043b\u044c\u043d\u043e\u043c \u0432\u0440\u0435\u043c\u0435\u043d\u0438 \u0438 \u043f\u043e\u043c\u043e\u0433\u0430\u0435\u0442 \u0441\u043e\u0432\u0435\u0440\u0448\u0438\u0442\u044c \u043f\u043e\u043a\u0443\u043f\u043a\u0443 \u043c\u0435\u043d\u0435\u0435 \u0447\u0435\u043c \u0437\u0430 60 \u0441\u0435\u043a\u0443\u043d\u0434.<\/p>\n<p><b>\u0412\u043d\u0438\u043c\u0430\u043d\u0438\u0435!<\/b> \u041a\u0430\u0436\u0434\u0430\u044f \u0440\u0430\u0441\u0441\u0440\u043e\u0447\u043a\u0430 \u043f\u0440\u0435\u0434\u0441\u0442\u0430\u0432\u043b\u044f\u0435\u0442 \u0441\u043e\u0431\u043e\u0439 \u0444\u0438\u043d\u0430\u043d\u0441\u043e\u0432\u043e\u0435 \u043e\u0431\u044f\u0437\u0430\u0442\u0435\u043b\u044c\u0441\u0442\u0432\u043e. \u041f\u0440\u0435\u0436\u0434\u0435 \u0447\u0435\u043c \u0437\u0430\u043a\u043b\u044e\u0447\u0430\u0442\u044c \u0434\u043e\u0433\u043e\u0432\u043e\u0440 \u0440\u0430\u0441\u0441\u0440\u043e\u0447\u043a\u0438, \u043e\u0437\u043d\u0430\u043a\u043e\u043c\u044c\u0442\u0435\u0441\u044c \u0441 \u0443\u0441\u043b\u043e\u0432\u0438\u044f\u043c\u0438 \u0443\u0441\u043b\u0443\u0433\u0438 \u0438 \u043f\u0440\u0438 \u043d\u0435\u043e\u0431\u0445\u043e\u0434\u0438\u043c\u043e\u0441\u0442\u0438 \u043e\u0431\u0440\u0430\u0442\u0438\u0442\u0435\u0441\u044c \u043a \u044d\u043a\u0441\u043f\u0435\u0440\u0442\u0443.<\/p>\n<p class=\" translation-block\">\u041f\u043e\u0441\u0442\u0430\u0432\u0449\u0438\u043a \u0443\u0441\u043b\u0443\u0433\u0438 \u0440\u0430\u0441\u0441\u0440\u043e\u0447\u043a\u0438 \u044f\u0432\u043b\u044f\u0435\u0442\u0441\u044f ESTO AS (\u0440\u0435\u0433. \u043a\u043e\u0434 14180709).<\/p>\n<p>\u0420\u0435\u0433\u0443\u043b\u044f\u0440\u043d\u044b\u0435 \u0443\u0441\u043b\u043e\u0432\u0438\u044f \u0440\u0430\u0441\u0441\u0440\u043e\u0447\u043a\u0438 ESTO \u0437\u0430\u043a\u043b\u044e\u0447\u0430\u044e\u0442\u0441\u044f \u0432 \u0441\u043b\u0435\u0434\u0443\u044e\u0449\u0435\u043c:<\/p>\n<ul>\n<li>\u0418\u043d\u0442\u0440\u0435\u0441 \u043e\u0442 0% \u0434o 14.90%<\/li>\n<li>\u041f\u043b\u0430\u0442\u0430 \u0437\u0430 \u0434\u043e\u0433\u043e\u0432\u043e\u0440 \u043e\u0442 0 \u0435\u0432\u0440\u043e<\/li>\n<li>\u041f\u0435\u0440\u0438\u043e\u0434 \u0434\u043e 4 \u043b\u0435\u0442<\/li>\n<\/ul>\n<p class=\" translation-block\">\u0412\u0441\u0435 \u0433\u0440\u0430\u0436\u0434\u0430\u043d\u0435 \u042d\u0441\u0442\u043e\u043d\u0441\u043a\u043e\u0439 \u0420\u0435\u0441\u043f\u0443\u0431\u043b\u0438\u043a\u0438 \u0432 \u0432\u043e\u0437\u0440\u0430\u0441\u0442\u0435 \u043e\u0442 18 \u0434\u043e 70 \u043b\u0435\u0442 \u043c\u043e\u0433\u0443\u0442 \u043f\u043e\u0434\u0430\u0442\u044c \u0437\u0430\u044f\u0432\u043a\u0443 \u043d\u0430 \u0440\u0430\u0441\u0441\u0440\u043e\u0447\u043a\u0443 ESTO.<\/p>\n<p>Iga finantsotsusega kaasnevad riskid ja kohustused, mist\u00f5ttu palume laenutoodete tarbimise vajadus hoolikalt l\u00e4bi m\u00f5elda. N\u00e4iteks 1059-eurose laenusumma puhul 24 kuuks fikseeritud intressiga 13.90% aastas ja lepingutasuga 13.90 eurot on krediidi kulukuse m\u00e4\u00e4r 38.14%, kuumakse suurus 60.72 eurot ning tarbija poolt tagasimakstav kogusumma 1457.28 eurot.[\/vc_column_text][\/vc_column_inner][vc_column_inner width=&#8221;1\/2&#8243;][vc_single_image image=&#8221;1874&#8243; img_size=&#8221;full&#8221;][vc_column_text]<iframe style=\"border: 0;\" src=\"https:\/\/api.esto.ee\/calculator?shop_id=melikor&amp;type=hire\" width=\"430\" height=\"250\"><\/iframe>[\/vc_column_text][\/vc_column_inner][\/vc_row_inner][\/vc_column][\/vc_row]<\/p>","protected":false},"excerpt":{"rendered":"<p>[vc_row css=&#8221;.vc_custom_1596200725321{padding-top: 90px !important;padding-bottom: px !important;}&#8221;][vc_column el_class=&#8221;text-center&#8221;][\/vc_column][\/vc_row][vc_row][vc_column css=&#8221;.vc_custom_1597043801082{padding-bottom: 100px !important;}&#8221;][vc_row_inner][vc_column_inner width=&#8221;1\/2&#8243;][vc_column_text] ESTO j\u00e4relmaks \u2013 ei soovi maksta kogu summat korraga? Maksa osamaksete kaupa! Kasuta kauba eest tasumisel just ESTO j\u00e4relmaksu \u2013 k\u00f5ige soodsam, mugavam ja kiirem j\u00e4relmaksulink Eestis! J\u00e4relmaksuga tasumisel palume v\u00f5tta \u00fchendust ESTO v\u00f5i melikor.ee klienditeenindusega ning Teile edastatakse j\u00e4relmaksulink. Maksmisel valige endale sobiv [&hellip;]<\/p>","protected":false},"author":1,"featured_media":0,"parent":0,"menu_order":0,"comment_status":"closed","ping_status":"closed","template":"page-templates\/template-fullwidth.php","meta":[],"_links":{"self":[{"href":"http:\/\/melikor.ee\/ru\/wp-json\/wp\/v2\/pages\/1845"}],"collection":[{"href":"http:\/\/melikor.ee\/ru\/wp-json\/wp\/v2\/pages"}],"about":[{"href":"http:\/\/melikor.ee\/ru\/wp-json\/wp\/v2\/types\/page"}],"author":[{"embeddable":true,"href":"http:\/\/melikor.ee\/ru\/wp-json\/wp\/v2\/users\/1"}],"replies":[{"embeddable":true,"href":"http:\/\/melikor.ee\/ru\/wp-json\/wp\/v2\/comments?post=1845"}],"version-history":[{"count":1,"href":"http:\/\/melikor.ee\/ru\/wp-json\/wp\/v2\/pages\/1845\/revisions"}],"predecessor-version":[{"id":1875,"href":"http:\/\/melikor.ee\/ru\/wp-json\/wp\/v2\/pages\/1845\/revisions\/1875"}],"wp:attachment":[{"href":"http:\/\/melikor.ee\/ru\/wp-json\/wp\/v2\/media?parent=1845"}],"curies":[{"name":"wp","href":"https:\/\/api.w.org\/{rel}","templated":true}]}}