{"id":169,"date":"2019-05-02T07:01:39","date_gmt":"2019-05-02T07:01:39","guid":{"rendered":"http:\/\/demo.archiwp.com\/archi-industry\/?page_id=169"},"modified":"2020-09-01T21:27:29","modified_gmt":"2020-09-01T21:27:29","slug":"kuidas-tellida","status":"publish","type":"page","link":"http:\/\/melikor.ee\/ru\/kuidas-tellida\/","title":{"rendered":"\u041a\u0430\u043a \u0437\u0430\u043a\u0430\u0437\u0430\u0442\u044c"},"content":{"rendered":"<p>[vc_row fullwidth=&#8221;yes&#8221; img_halfrow=&#8221;yes&#8221; halfrow_image=&#8221;1868&#8243; img_columns=&#8221;6columns&#8221; img_position=&#8221;imgleft&#8221; el_id=&#8221;kook&#8221;][vc_column css=&#8221;.vc_custom_1596192728024{padding-right: 100px !important;padding-left: 100px !important;}&#8221; offset=&#8221;vc_hidden-sm vc_hidden-xs&#8221;]\t<!-- Element: OT Quick Office -->\n\t<div class=\"side-bg\">\n\n\t\t<div class=\"image-container hidden-xs pull-left col-md-6\" style=\"background-image:url(); ?>\" data-delay=\"0\"><\/div>\n\n\t\t<!-- Added this code in 26\/03\/2019 -->\n\t\t<img class=\"visible-xs img-responsive\" src=\"\" \/>\n\n        <div class=\"container\">\n            <div class=\"row\">\n                <div class=\"inner-padding\">\n                    <div class=\"col-md-5 col-md-offset-7 wow fadeInRight\" data-wow-delay=\".2s\">\n                        <h2>\u041c\u0415\u0411\u0415\u041b\u042c \u0414\u041b\u042f \u041a\u0423\u0425\u041d\u0418<\/h2><br\/>\n                        \u0418\u0437\u043c\u0435\u0440\u044c\u0442\u0435 \u043f\u043e\u043c\u0435\u0449\u0435\u043d\u0438\u0435 \u0438 \u0441\u043e\u0441\u0442\u0430\u0432\u044c\u0442\u0435 \u043f\u043b\u0430\u043d. \u041e\u0442\u043c\u0435\u0442\u044c\u0442\u0435 \u043d\u0430 \u043f\u043b\u0430\u043d\u0435 \u0440\u0430\u0441\u043f\u043e\u043b\u043e\u0436\u0435\u043d\u0438\u0435 \u043a\u0430\u043d\u0430\u043b\u0438\u0437\u0430\u0446\u0438\u0438, \u0432\u043e\u0434\u044f\u043d\u044b\u0445 \u0442\u0440\u0443\u0431, \u0440\u0430\u0434\u0438\u0430\u0442\u043e\u0440\u043e\u0432, \u0432\u0435\u043d\u0442\u0438\u043b\u044f\u0446\u0438\u043e\u043d\u043d\u044b\u0445 \u043e\u0442\u0432\u0435\u0440\u0441\u0442\u0438\u0439, \u043f\u043e\u0434\u043e\u043a\u043e\u043d\u043d\u0438\u043a\u043e\u0432, \u043e\u043a\u043e\u043d, \u0434\u0432\u0435\u0440\u0435\u0439.<\/p>\n<p>\u041f\u0440\u043e\u0434\u0443\u043c\u0430\u0439\u0442\u0435, \u0433\u0434\u0435 \u0431\u044b \u0412\u044b \u0445\u043e\u0442\u0435\u043b\u0438 \u0443\u0441\u0442\u0430\u043d\u043e\u0432\u0438\u0442\u044c \u0442\u0435\u0445\u043d\u0438\u043a\u0443: \u0440\u0430\u043a\u043e\u0432\u0438\u043d\u0430, \u043f\u043e\u0441\u0443\u0434\u043e\u043c\u043e\u0435\u0447\u043d\u0430\u044f \u043c\u0430\u0448\u0438\u043d\u0430, \u043f\u043b\u0438\u0442\u0443, \u0434\u0443\u0445\u043e\u0432\u043a\u0443, \u0445\u043e\u043b\u043e\u0434\u0438\u043b\u044c\u043d\u0438\u043a, \u043c\u0438\u043a\u0440\u043e\u0432\u043e\u043b\u043d\u043e\u0432\u0430\u044f \u043f\u0435\u0447\u044c \u0438 \u0442.\u0434. \u042d\u0442\u043e \u0441\u0443\u0449\u0435\u0441\u0442\u0432\u0435\u043d\u043d\u043e \u043f\u043e\u043c\u043e\u0436\u0435\u0442 \u043f\u0440\u0438 \u0441\u043e\u0441\u0442\u0430\u0432\u043b\u0435\u043d\u0438\u0438 \u0434\u0438\u0437\u0430\u0439\u043d-\u043f\u0440\u043e\u0435\u043a\u0442\u0430 \u0412\u0430\u0448\u0435\u0439 \u043c\u0435\u0431\u0435\u043b\u0438.<\/p>\n<p>\u041f\u0440\u0438 \u0441\u043e\u0441\u0442\u0430\u0432\u043b\u0435\u043d\u0438\u0438 \u0434\u0438\u0437\u0430\u0439\u043d-\u043f\u0440\u043e\u0435\u043a\u0442\u0430 \u0412\u0430\u0448\u0435\u0439 \u043c\u0435\u0431\u0435\u043b\u0438, \u043c\u044b \u043f\u043e\u0437\u043d\u0430\u043a\u043e\u043c\u0438\u043c \u0412\u0430\u0441 \u0441\u043e \u0432\u0441\u0435\u043c\u0438 \u043c\u0430\u0442\u0435\u0440\u0438\u0430\u043b\u0430\u043c\u0438 \u0438 \u043c\u0435\u0445\u0430\u043d\u0438\u0437\u043c\u0430\u043c\u0438, \u043a\u043e\u0442\u043e\u0440\u044b\u0435 \u0438\u0441\u043f\u043e\u043b\u044c\u0437\u0443\u044e\u0442\u0441\u044f \u043d\u0430\u0448\u0435\u0439 \u0444\u0438\u0440\u043c\u043e\u0439 \u0434\u043b\u044f \u0438\u0437\u0433\u043e\u0442\u043e\u0432\u043b\u0435\u043d\u0438\u044f \u043c\u0435\u0431\u0435\u043b\u0438, \u0430 \u0442\u0430\u043a \u0436\u0435 \u0441 \u0438\u0445 \u0445\u0430\u0440\u0430\u043a\u0442\u0435\u0440\u0438\u0441\u0442\u0438\u043a\u0430\u043c\u0438, \u043f\u043e\u043c\u043e\u0436\u0435\u043c \u0432\u044b\u0431\u0440\u0430\u0442\u044c \u043a\u0430\u0447\u0435\u0441\u0442\u0432\u0435\u043d\u043d\u0443\u044e \u043a\u0443\u0445\u043e\u043d\u043d\u0443\u044e \u0442\u0435\u0445\u043d\u0438\u043a\u0443, \u0440\u0430\u043a\u043e\u0432\u0438\u043d\u0443, \u043f\u043e\u0434\u0445\u043e\u0434\u044f\u0449\u0438\u0435 \u0412\u0430\u043c \u043f\u043e \u0441\u0442\u043e\u0438\u043c\u043e\u0441\u0442\u0438. \u0423\u0447\u0442\u0451\u043c \u0432\u0441\u0435 \u0412\u0430\u0448\u0438 \u043f\u043e\u0436\u0435\u043b\u0430\u043d\u0438\u044f \u043f\u043e \u0440\u0430\u0441\u043f\u043e\u043b\u043e\u0436\u0435\u043d\u0438\u044e \u043a\u0443\u0445\u043e\u043d\u043d\u044b\u0445 \u0448\u043a\u0430\u0444\u043e\u0432, \u0434\u0430\u0434\u0438\u043c \u043f\u043e\u043b\u0435\u0437\u043d\u044b\u0435 \u0441\u043e\u0432\u0435\u0442\u044b. \u0422\u043e\u0447\u043d\u044b\u0435 \u0437\u0430\u043c\u0435\u0440\u044b \u043c\u044b \u043f\u0440\u043e\u0438\u0437\u0432\u0435\u0434\u0451\u043c \u043f\u043e\u0441\u043b\u0435 \u0437\u0430\u043a\u0430\u0437\u0430 \u043c\u0435\u0431\u0435\u043b\u0438, \u0430 \u0442\u0430\u043a \u0436\u0435 \u043f\u0440\u0435\u0434\u043e\u0441\u0442\u0430\u0432\u0438\u043c \u043f\u043b\u0430\u043d \u043f\u043e \u0440\u0430\u0437\u043c\u0435\u0449\u0435\u043d\u0438\u044e \u0440\u043e\u0437\u0435\u0442\u043e\u043a \u0434\u043b\u044f \u043f\u043e\u0434\u043a\u043b\u044e\u0447\u0435\u043d\u0438\u044f \u0442\u0435\u0445\u043d\u0438\u043a\u0438.                    <\/div>\n                    <div class=\"clearfix\"><\/div>\n                <\/div>\n            <\/div>\n        <\/div>\n\t<\/div>\n\n[\/vc_column][\/vc_row][vc_row][vc_column offset=&#8221;vc_hidden-lg vc_hidden-md&#8221; css=&#8221;.vc_custom_1596192995896{margin-top: -100px !important;margin-bottom: 50px !important;}&#8221;][vc_column_text]<\/p>\n<h3>\u041c\u0415\u0411\u0415\u041b\u042c \u0414\u041b\u042f \u041a\u0423\u0425\u041d\u0418<\/h3>\n<p>\u0418\u0437\u043c\u0435\u0440\u044c\u0442\u0435 \u043f\u043e\u043c\u0435\u0449\u0435\u043d\u0438\u0435 \u0438 \u0441\u043e\u0441\u0442\u0430\u0432\u044c\u0442\u0435 \u043f\u043b\u0430\u043d. \u041e\u0442\u043c\u0435\u0442\u044c\u0442\u0435 \u043d\u0430 \u043f\u043b\u0430\u043d\u0435 \u0440\u0430\u0441\u043f\u043e\u043b\u043e\u0436\u0435\u043d\u0438\u0435 \u043a\u0430\u043d\u0430\u043b\u0438\u0437\u0430\u0446\u0438\u0438, \u0432\u043e\u0434\u044f\u043d\u044b\u0445 \u0442\u0440\u0443\u0431, \u0440\u0430\u0434\u0438\u0430\u0442\u043e\u0440\u043e\u0432, \u0432\u0435\u043d\u0442\u0438\u043b\u044f\u0446\u0438\u043e\u043d\u043d\u044b\u0445 \u043e\u0442\u0432\u0435\u0440\u0441\u0442\u0438\u0439, \u043f\u043e\u0434\u043e\u043a\u043e\u043d\u043d\u0438\u043a\u043e\u0432, \u043e\u043a\u043e\u043d, \u0434\u0432\u0435\u0440\u0435\u0439.<\/p>\n<p>\u041f\u0440\u043e\u0434\u0443\u043c\u0430\u0439\u0442\u0435, \u0433\u0434\u0435 \u0431\u044b \u0412\u044b \u0445\u043e\u0442\u0435\u043b\u0438 \u0443\u0441\u0442\u0430\u043d\u043e\u0432\u0438\u0442\u044c \u0442\u0435\u0445\u043d\u0438\u043a\u0443: \u0440\u0430\u043a\u043e\u0432\u0438\u043d\u0430, \u043f\u043e\u0441\u0443\u0434\u043e\u043c\u043e\u0435\u0447\u043d\u0430\u044f \u043c\u0430\u0448\u0438\u043d\u0430, \u043f\u043b\u0438\u0442\u0443, \u0434\u0443\u0445\u043e\u0432\u043a\u0443, \u0445\u043e\u043b\u043e\u0434\u0438\u043b\u044c\u043d\u0438\u043a, \u043c\u0438\u043a\u0440\u043e\u0432\u043e\u043b\u043d\u043e\u0432\u0430\u044f \u043f\u0435\u0447\u044c \u0438 \u0442.\u0434. \u042d\u0442\u043e \u0441\u0443\u0449\u0435\u0441\u0442\u0432\u0435\u043d\u043d\u043e \u043f\u043e\u043c\u043e\u0436\u0435\u0442 \u043f\u0440\u0438 \u0441\u043e\u0441\u0442\u0430\u0432\u043b\u0435\u043d\u0438\u0438 \u0434\u0438\u0437\u0430\u0439\u043d-\u043f\u0440\u043e\u0435\u043a\u0442\u0430 \u0412\u0430\u0448\u0435\u0439 \u043c\u0435\u0431\u0435\u043b\u0438.<\/p>\n<p>T\u00e4psed m\u00f5\u00f5tmised me sooritame p\u00e4rast tellimuse tegemist, samuti paneme paika elekripistikute asukohad vastavalt k\u00f6\u00f6gitehnikale.[\/vc_column_text][\/vc_column][\/vc_row][vc_row fullwidth=&#8221;yes&#8221; img_halfrow=&#8221;yes&#8221; halfrow_image=&#8221;1870&#8243; img_columns=&#8221;6columns&#8221; img_position=&#8221;imgright&#8221; el_id=&#8221;kapp&#8221;][vc_column css=&#8221;.vc_custom_1596192791910{padding-right: 100px !important;padding-left: 100px !important;}&#8221; offset=&#8221;vc_hidden-sm vc_hidden-xs&#8221;]\t<!-- Element: OT Quick Office -->\n\t<div class=\"side-bg\">\n\n\t\t<div class=\"image-container hidden-xs pull-right right0 col-md-6 col-md-offset-6\" style=\"background-image:url(); ?>\" data-delay=\"0\"><\/div>\n\n\t\t<!-- Added this code in 26\/03\/2019 -->\n\t\t<img class=\"visible-xs img-responsive\" src=\"\" \/>\n\n        <div class=\"container\">\n            <div class=\"row\">\n                <div class=\"inner-padding\">\n                    <div class=\"col-md-5 wow fadeInLeft\" data-wow-delay=\".2s\">\n                        <h2>\u0428\u041a\u0410\u0424 \u041a\u0423\u041f\u0415<\/h2><br\/>\n                        \u0418\u0437\u043c\u0435\u0440\u044c\u0442\u0435 \u043c\u0435\u0441\u0442\u043e (\u0441\u0442\u0435\u043d\u0430, \u043d\u0438\u0448\u0430, \u0443\u0433\u043e\u043b), \u043a\u0443\u0434\u0430 \u0412\u044b \u0437\u0430\u043f\u043b\u0430\u043d\u0438\u0440\u043e\u0432\u0430\u043b\u0438 \u0443\u0441\u0442\u0430\u043d\u043e\u0432\u0438\u0442\u044c \u0448\u043a\u0430\u0444 \u043a\u0443\u043f\u0435 (\u0434\u043b\u0438\u043d\u0443, \u0432\u044b\u0441\u043e\u0442\u0443, \u0448\u0438\u0440\u0438\u043d\u0443).<\/p>\n<p>\u041f\u0440\u0438 \u0437\u0430\u043c\u0435\u0440\u0430\u0445 \u0443\u0447\u0438\u0442\u044b\u0432\u0430\u0439\u0442\u0435 \u0432\u043a\u043b\u044e\u0447\u0430\u0442\u0435\u043b\u0438, \u0440\u043e\u0437\u0435\u0442\u043a\u0438, \u0434\u0432\u0435\u0440\u043d\u044b\u0435 \u043d\u0430\u043b\u0438\u0447\u043d\u0438\u043a\u0438, \u043f\u043b\u0438\u043d\u0442\u0443\u0441\u0430. \u041d\u0430\u043f\u0440\u0430\u0432\u043b\u044f\u044e\u0449\u0430\u044f \u0434\u043b\u044f \u0440\u0430\u0437\u0434\u0432\u0438\u0436\u043d\u044b\u0445 \u0434\u0432\u0435\u0440\u0435\u0439 \u0438\u043c\u0435\u0435\u0442 \u0448\u0438\u0440\u0438\u043d\u0443 100\u043c\u043c. \u041f\u043e\u044d\u0442\u043e\u043c\u0443 \u0432\u043d\u0443\u0442\u0440\u0438\u043d\u043d\u043e\u0441\u0442\u0438 \u0448\u043a\u0430\u0444\u0430 \u0431\u0443\u0434\u0443\u0442 \u043c\u0435\u043d\u044c\u0448\u0435 \u0433\u0430\u0431\u0430\u0440\u0438\u0442\u043d\u043e\u0433\u043e \u0440\u0430\u0437\u043c\u0435\u0440\u0430 \u043d\u0430 100\u043c\u043c. \u041f\u0440\u0438 \u0441\u0442\u0430\u043d\u0434\u0430\u0440\u0442\u043d\u043e\u0439 \u0443\u0441\u0442\u0430\u043d\u043e\u0432\u043a\u0438 \u0442\u0440\u0443\u0431 \u0434\u043b\u044f \u0432\u0435\u0448\u0430\u043b\u043e\u043a, \u0432\u044b\u0434\u0432\u0438\u0436\u043d\u044b\u0445 \u043a\u043e\u0440\u0437\u0438\u043d \u0438 \u0434\u0440\u0443\u0433\u0438\u0445 \u041c\u0435\u0445\u0430\u043d\u0438\u0437\u043c\u043e\u0432, \u0433\u0430\u0431\u0430\u0440\u0438\u0442\u043d\u044b\u0439 \u0440\u0430\u0437\u043c\u0435\u0440 \u0448\u043a\u0430\u0444\u0430 \u043f\u043e \u0433\u043b\u0443\u0431\u0438\u043d\u0435 \u0441\u043e\u0441\u0442\u0430\u0432\u043b\u044f\u0435\u0442 600\u043c\u043c.<\/p>\n<p>\u041d\u0430 \u0441\u043a\u043e\u043b\u044c\u043a\u043e \u043e\u0442\u0434\u0435\u043b\u0435\u043d\u0438\u0439 \u0412\u044b \u0445\u043e\u0442\u0435\u043b\u0438 \u0431\u044b \u0440\u0430\u0437\u0434\u0435\u043b\u0438\u0442\u044c \u0441\u0432\u043e\u0439 \u0448\u043a\u0430\u0444 \u043a\u0443\u043f\u0435, ( \u0447\u0442\u043e \u0441\u043e\u043e\u0442\u0432\u0435\u0442\u0441\u0442\u0432\u0443\u0435\u0442 \u043a\u043e\u043b\u0438\u0447\u0435\u0441\u0442\u0432\u0443 \u0440\u0430\u0437\u0434\u0432\u0438\u0436\u043d\u044b\u0445 \u0434\u0432\u0435\u0440\u0435\u0439, \u043c\u0430\u043a\u0441\u0438\u043c\u0430\u043b\u044c\u043d\u0430\u044f \u0448\u0438\u0440\u0438\u043d\u0430 \u0434\u0432\u0435\u0440\u0438 1200\u043c\u043c), \u0434\u043b\u044f \u0443\u0434\u043e\u0431\u043d\u043e\u0433\u043e \u0440\u0430\u0441\u043f\u043e\u043b\u043e\u0436\u0435\u043d\u0438\u044f \u043c\u0435\u0445\u0430\u043d\u0438\u0437\u043c\u043e\u0432 \u0438 \u043f\u043e\u043b\u043d\u043e\u0433\u043e \u0434\u043e\u0441\u0442\u0443\u043f\u0430 \u043a \u043f\u043e\u043b\u043a\u0430\u043c. \u041a\u0430\u043a\u043e\u0435 \u043a\u043e\u043b\u0438\u0447\u0435\u0441\u0442\u0432\u043e \u043f\u043e\u043b\u043e\u043a \u0434\u043b\u044f \u043e\u0434\u0435\u0436\u0434\u044b(\u043e\u043f\u0442\u0438\u043c\u0430\u043b\u044c\u043d\u043e\u0435 \u0440\u0430\u0441\u0441\u0442\u043e\u044f\u043d\u0438\u0435 \u043c\u0435\u0436\u0434\u0443 \u043f\u043e\u043b\u043a\u0430\u043c\u0438 300-350\u043c\u043c), \u043e\u0442\u0434\u0435\u043b\u0435\u043d\u0438\u0439 \u0434\u043b\u044f \u0434\u043b\u0438\u043d\u043e\u0439 \u043e\u0434\u0435\u0436\u0434\u044b (\u043e\u043f\u0442\u0438\u043c\u0430\u043b\u044c\u043d\u044b\u0439 \u0440\u0430\u0437\u043c\u0435\u0440 1600\u043c\u043c), \u0434\u043b\u044f \u043a\u043e\u0440\u043e\u0442\u043a\u043e\u0439 (\u043e\u043f\u0442\u0438\u043c\u0430\u043b\u044c\u043d\u044b\u0439 \u0440\u0430\u0437\u043c\u0435\u0440 1000\u043c\u043c), \u043e\u0442\u0434\u0435\u043b\u0435\u043d\u0438\u0439 \u0434\u043b\u044f \u0431\u044b\u0442\u043e\u0432\u044b\u0445 \u043f\u0440\u0435\u0434\u043c\u0435\u0442\u043e\u0432, \u0442\u0430\u043a\u0438\u0445 \u043a\u0430\u043a \u043f\u044b\u043b\u0435\u0441\u043e\u0441, \u0433\u043b\u0430\u0434\u0438\u043b\u044c\u043d\u0430\u044f \u0434\u043e\u0441\u043a\u0430, \u0441\u0443\u0448\u0438\u043b\u043a\u0430 \u0434\u043b\u044f \u0431\u0435\u043b\u044c\u044f.<\/p>\n<p>\u0422\u043e\u0447\u043d\u044b\u0435 \u0437\u0430\u043c\u0435\u0440\u044b \u043c\u044b \u043f\u0440\u043e\u0438\u0437\u0432\u0435\u0434\u0451\u043c \u043f\u043e\u0441\u043b\u0435 \u0437\u0430\u043a\u0430\u0437\u0430 \u043c\u0435\u0431\u0435\u043b\u0438.                    <\/div>\n                    <div class=\"clearfix\"><\/div>\n                <\/div>\n            <\/div>\n        <\/div>\n\t<\/div>\n\n[\/vc_column][\/vc_row][vc_row][vc_column offset=&#8221;vc_hidden-lg vc_hidden-md&#8221; css=&#8221;.vc_custom_1596193017084{margin-top: -100px !important;margin-bottom: 50px !important;}&#8221;][vc_column_text]<\/p>\n<h3>\u0428\u041a\u0410\u0424 \u041a\u0423\u041f\u0415<\/h3>\n<p>\u0418\u0437\u043c\u0435\u0440\u044c\u0442\u0435 \u043c\u0435\u0441\u0442\u043e (\u0441\u0442\u0435\u043d\u0430, \u043d\u0438\u0448\u0430, \u0443\u0433\u043e\u043b), \u043a\u0443\u0434\u0430 \u0412\u044b \u0437\u0430\u043f\u043b\u0430\u043d\u0438\u0440\u043e\u0432\u0430\u043b\u0438 \u0443\u0441\u0442\u0430\u043d\u043e\u0432\u0438\u0442\u044c \u0448\u043a\u0430\u0444 \u043a\u0443\u043f\u0435 (\u0434\u043b\u0438\u043d\u0443, \u0432\u044b\u0441\u043e\u0442\u0443, \u0448\u0438\u0440\u0438\u043d\u0443).<\/p>\n<p>\u041f\u0440\u0438 \u0437\u0430\u043c\u0435\u0440\u0430\u0445 \u0443\u0447\u0438\u0442\u044b\u0432\u0430\u0439\u0442\u0435 \u0432\u043a\u043b\u044e\u0447\u0430\u0442\u0435\u043b\u0438, \u0440\u043e\u0437\u0435\u0442\u043a\u0438, \u0434\u0432\u0435\u0440\u043d\u044b\u0435 \u043d\u0430\u043b\u0438\u0447\u043d\u0438\u043a\u0438, \u043f\u043b\u0438\u043d\u0442\u0443\u0441\u0430. \u041d\u0430\u043f\u0440\u0430\u0432\u043b\u044f\u044e\u0449\u0430\u044f \u0434\u043b\u044f \u0440\u0430\u0437\u0434\u0432\u0438\u0436\u043d\u044b\u0445 \u0434\u0432\u0435\u0440\u0435\u0439 \u0438\u043c\u0435\u0435\u0442 \u0448\u0438\u0440\u0438\u043d\u0443 100\u043c\u043c. \u041f\u043e\u044d\u0442\u043e\u043c\u0443 \u0432\u043d\u0443\u0442\u0440\u0438\u043d\u043d\u043e\u0441\u0442\u0438 \u0448\u043a\u0430\u0444\u0430 \u0431\u0443\u0434\u0443\u0442 \u043c\u0435\u043d\u044c\u0448\u0435 \u0433\u0430\u0431\u0430\u0440\u0438\u0442\u043d\u043e\u0433\u043e \u0440\u0430\u0437\u043c\u0435\u0440\u0430 \u043d\u0430 100\u043c\u043c. \u041f\u0440\u0438 \u0441\u0442\u0430\u043d\u0434\u0430\u0440\u0442\u043d\u043e\u0439 \u0443\u0441\u0442\u0430\u043d\u043e\u0432\u043a\u0438 \u0442\u0440\u0443\u0431 \u0434\u043b\u044f \u0432\u0435\u0448\u0430\u043b\u043e\u043a, \u0432\u044b\u0434\u0432\u0438\u0436\u043d\u044b\u0445 \u043a\u043e\u0440\u0437\u0438\u043d \u0438 \u0434\u0440\u0443\u0433\u0438\u0445 \u041c\u0435\u0445\u0430\u043d\u0438\u0437\u043c\u043e\u0432, \u0433\u0430\u0431\u0430\u0440\u0438\u0442\u043d\u044b\u0439 \u0440\u0430\u0437\u043c\u0435\u0440 \u0448\u043a\u0430\u0444\u0430 \u043f\u043e \u0433\u043b\u0443\u0431\u0438\u043d\u0435 \u0441\u043e\u0441\u0442\u0430\u0432\u043b\u044f\u0435\u0442 600\u043c\u043c.<\/p>\n<p>\u041d\u0430 \u0441\u043a\u043e\u043b\u044c\u043a\u043e \u043e\u0442\u0434\u0435\u043b\u0435\u043d\u0438\u0439 \u0412\u044b \u0445\u043e\u0442\u0435\u043b\u0438 \u0431\u044b \u0440\u0430\u0437\u0434\u0435\u043b\u0438\u0442\u044c \u0441\u0432\u043e\u0439 \u0448\u043a\u0430\u0444 \u043a\u0443\u043f\u0435, ( \u0447\u0442\u043e \u0441\u043e\u043e\u0442\u0432\u0435\u0442\u0441\u0442\u0432\u0443\u0435\u0442 \u043a\u043e\u043b\u0438\u0447\u0435\u0441\u0442\u0432\u0443 \u0440\u0430\u0437\u0434\u0432\u0438\u0436\u043d\u044b\u0445 \u0434\u0432\u0435\u0440\u0435\u0439, \u043c\u0430\u043a\u0441\u0438\u043c\u0430\u043b\u044c\u043d\u0430\u044f \u0448\u0438\u0440\u0438\u043d\u0430 \u0434\u0432\u0435\u0440\u0438 1200\u043c\u043c), \u0434\u043b\u044f \u0443\u0434\u043e\u0431\u043d\u043e\u0433\u043e \u0440\u0430\u0441\u043f\u043e\u043b\u043e\u0436\u0435\u043d\u0438\u044f \u043c\u0435\u0445\u0430\u043d\u0438\u0437\u043c\u043e\u0432 \u0438 \u043f\u043e\u043b\u043d\u043e\u0433\u043e \u0434\u043e\u0441\u0442\u0443\u043f\u0430 \u043a \u043f\u043e\u043b\u043a\u0430\u043c. \u041a\u0430\u043a\u043e\u0435 \u043a\u043e\u043b\u0438\u0447\u0435\u0441\u0442\u0432\u043e \u043f\u043e\u043b\u043e\u043a \u0434\u043b\u044f \u043e\u0434\u0435\u0436\u0434\u044b(\u043e\u043f\u0442\u0438\u043c\u0430\u043b\u044c\u043d\u043e\u0435 \u0440\u0430\u0441\u0441\u0442\u043e\u044f\u043d\u0438\u0435 \u043c\u0435\u0436\u0434\u0443 \u043f\u043e\u043b\u043a\u0430\u043c\u0438 300-350\u043c\u043c), \u043e\u0442\u0434\u0435\u043b\u0435\u043d\u0438\u0439 \u0434\u043b\u044f \u0434\u043b\u0438\u043d\u043e\u0439 \u043e\u0434\u0435\u0436\u0434\u044b (\u043e\u043f\u0442\u0438\u043c\u0430\u043b\u044c\u043d\u044b\u0439 \u0440\u0430\u0437\u043c\u0435\u0440 1600\u043c\u043c), \u0434\u043b\u044f \u043a\u043e\u0440\u043e\u0442\u043a\u043e\u0439 (\u043e\u043f\u0442\u0438\u043c\u0430\u043b\u044c\u043d\u044b\u0439 \u0440\u0430\u0437\u043c\u0435\u0440 1000\u043c\u043c), \u043e\u0442\u0434\u0435\u043b\u0435\u043d\u0438\u0439 \u0434\u043b\u044f \u0431\u044b\u0442\u043e\u0432\u044b\u0445 \u043f\u0440\u0435\u0434\u043c\u0435\u0442\u043e\u0432, \u0442\u0430\u043a\u0438\u0445 \u043a\u0430\u043a \u043f\u044b\u043b\u0435\u0441\u043e\u0441, \u0433\u043b\u0430\u0434\u0438\u043b\u044c\u043d\u0430\u044f \u0434\u043e\u0441\u043a\u0430, \u0441\u0443\u0448\u0438\u043b\u043a\u0430 \u0434\u043b\u044f \u0431\u0435\u043b\u044c\u044f.<\/p>\n<p>Olmeseadmete sektsioonid nagu n\u00e4iteks tolmuimeja, triikimislaud, pesu kuivataja \u2013 nende t\u00e4psemad m\u00f5\u00f5tmised teostatakse p\u00e4rast m\u00f6\u00f6bli tellimist.[\/vc_column_text][\/vc_column][\/vc_row][vc_row el_class=&#8221;call-to-action bg-color text-light&#8221; css=&#8221;.vc_custom_1596097495675{padding-top: 100px !important;padding-bottom: 90px !important;background-color: #f4f4f4 !important;}&#8221; el_id=&#8221;vormistamine&#8221;][vc_column]\n\t<!-- Element: OT Heading --> \t \n\t<h3 class=\"ot_custom_heading mt20\" style=\"text-align: center;color: #232323;\" >\u041e\u0424\u041e\u0420\u041c\u041b\u0415\u041d\u0418\u0415 \u0417\u0410\u041a\u0410\u0417\u0410<\/h3>\t\n[vc_empty_space][vc_column_text]<\/p>\n<p style=\"text-align: center;\"><span style=\"color: #333333;\">\u041f\u0440\u0438 \u043e\u0444\u043e\u0440\u043c\u043b\u0435\u043d\u0438\u0438 \u0437\u0430\u043a\u0430\u0437\u0430 \u0437\u0430\u043a\u043b\u044e\u0447\u0430\u0435\u0442\u0441\u044f \u0434\u043e\u0433\u043e\u0432\u043e\u0440: \u0434\u0435\u0442\u0430\u043b\u044c\u043d\u043e \u043e\u043f\u0438\u0441\u044b\u0432\u0430\u0435\u0442\u0441\u044f \u043c\u0435\u0431\u0435\u043b\u044c, \u043a\u043e\u0442\u043e\u0440\u0443\u044e \u0412\u044b \u0445\u043e\u0442\u0438\u0442\u0435 \u0437\u0430\u043a\u0430\u0437\u0430\u0442\u044c, \u0441\u0442\u043e\u0438\u043c\u043e\u0441\u0442\u044c, \u0441\u0440\u043e\u043a \u0438\u0437\u0433\u043e\u0442\u043e\u0432\u043b\u0435\u043d\u0438\u044f \u0438 \u0443\u0441\u0442\u0430\u043d\u043e\u0432\u043a\u0438, \u043c\u0430\u0442\u0435\u0440\u0438\u043b\u044b \u0438\u0437 \u043a\u043e\u0442\u043e\u0440\u044b\u0445 \u043e\u043d\u0430 \u0431\u0443\u0434\u0435\u0442 \u0438\u0437\u0433\u043e\u0442\u043e\u0432\u043b\u0435\u043d\u0430. \u041f\u0440\u0438 \u0437\u0430\u043a\u043b\u044e\u0447\u0435\u043d\u0438\u0438 \u0434\u043e\u0433\u043e\u0432\u043e\u0440\u0430 \u043d\u0430 \u0438\u0437\u0433\u043e\u0442\u043e\u0432\u043b\u0435\u043d\u0438\u0435 \u043c\u0435\u0431\u0435\u043b\u0438, \u0432\u043d\u043e\u0441\u0438\u0442\u0441\u044f \u043f\u0440\u0435\u0434\u043e\u043f\u043b\u0430\u0442\u0430 \u0432 \u0440\u0430\u0437\u043c\u0435\u0440\u0435 50% \u043e\u0442 \u0441\u0442\u043e\u0438\u043c\u043e\u0441\u0442\u0438. \u041e\u0441\u0442\u0430\u0432\u0448\u0430\u044f\u0441\u044f \u0447\u0430\u0441\u0442\u044c \u043e\u043f\u043b\u0430\u0447\u0438\u0432\u0430\u0435\u0442\u0441\u044f \u043f\u043e\u0441\u043b\u0435 \u0438\u0437\u0433\u043e\u0442\u043e\u0432\u043b\u0435\u043d\u044f \u043c\u0435\u0431\u0435\u043b\u0438.<\/span><\/p>\n<p style=\"text-align: center;\"><strong><span style=\"color: #333333;\">\u041d\u0430 \u0438\u0437\u0433\u043e\u0442\u043e\u0432\u043b\u0435\u043d\u043d\u0443\u044e \u043c\u0435\u0431\u0435\u043b\u044c \u0434\u0435\u0439\u0441\u0442\u0432\u0443\u0435\u0442 \u0433\u0430\u0440\u0430\u043d\u0442\u0438\u044f 2 \u0433\u043e\u0434\u0430<\/span><\/strong><\/p>\n<p>[\/vc_column_text][vc_btn title=&#8221;KONTAKT&#8221; style=&#8221;flat&#8221; shape=&#8221;square&#8221; color=&#8221;black&#8221; align=&#8221;center&#8221; i_align=&#8221;right&#8221; i_icon_fontawesome=&#8221;fas fa-angle-right&#8221; add_icon=&#8221;true&#8221; link=&#8221;url:http%3A%2F%2Fmelikor.ee%2Fkontakt%2F&#8221;][\/vc_column][\/vc_row]<\/p>","protected":false},"excerpt":{"rendered":"<p>[vc_row fullwidth=&#8221;yes&#8221; img_halfrow=&#8221;yes&#8221; halfrow_image=&#8221;1868&#8243; img_columns=&#8221;6columns&#8221; img_position=&#8221;imgleft&#8221; el_id=&#8221;kook&#8221;][vc_column css=&#8221;.vc_custom_1596192728024{padding-right: 100px !important;padding-left: 100px !important;}&#8221; offset=&#8221;vc_hidden-sm vc_hidden-xs&#8221;][\/vc_column][\/vc_row][vc_row][vc_column offset=&#8221;vc_hidden-lg vc_hidden-md&#8221; css=&#8221;.vc_custom_1596192995896{margin-top: -100px !important;margin-bottom: 50px !important;}&#8221;][vc_column_text] K\u00f6\u00f6gim\u00f6\u00f6bel M\u00f5\u00f5tke ruum ja tehke plaan. M\u00e4rkige plaanil kanalisatsioonis\u00fcsteemi asukoht, veetorud,\u00a0radiaatorid, \u00f5huavad, aknalauad, aknad ja uksed. M\u00f5elge l\u00e4bi:\u00a0kuhu soovite paigaldada seadmed (valamu, n\u00f5udepesumasin, pliit, ahi, k\u00fclmkapp,mikrolaineahi jne), see aitab suuresti ette valmistada teie m\u00f6\u00f6bli [&hellip;]<\/p>","protected":false},"author":1,"featured_media":0,"parent":0,"menu_order":0,"comment_status":"closed","ping_status":"closed","template":"page-templates\/template-fullwidth.php","meta":[],"_links":{"self":[{"href":"http:\/\/melikor.ee\/ru\/wp-json\/wp\/v2\/pages\/169"}],"collection":[{"href":"http:\/\/melikor.ee\/ru\/wp-json\/wp\/v2\/pages"}],"about":[{"href":"http:\/\/melikor.ee\/ru\/wp-json\/wp\/v2\/types\/page"}],"author":[{"embeddable":true,"href":"http:\/\/melikor.ee\/ru\/wp-json\/wp\/v2\/users\/1"}],"replies":[{"embeddable":true,"href":"http:\/\/melikor.ee\/ru\/wp-json\/wp\/v2\/comments?post=169"}],"version-history":[{"count":3,"href":"http:\/\/melikor.ee\/ru\/wp-json\/wp\/v2\/pages\/169\/revisions"}],"predecessor-version":[{"id":2076,"href":"http:\/\/melikor.ee\/ru\/wp-json\/wp\/v2\/pages\/169\/revisions\/2076"}],"wp:attachment":[{"href":"http:\/\/melikor.ee\/ru\/wp-json\/wp\/v2\/media?parent=169"}],"curies":[{"name":"wp","href":"https:\/\/api.w.org\/{rel}","templated":true}]}}