{"id":1295,"date":"2020-07-29T19:32:50","date_gmt":"2020-07-29T16:32:50","guid":{"rendered":"http:\/\/20.melikor.ee\/?page_id=1295"},"modified":"2020-09-01T21:26:51","modified_gmt":"2020-09-01T21:26:51","slug":"meist","status":"publish","type":"page","link":"http:\/\/melikor.ee\/ru\/meist\/","title":{"rendered":"\u041e \u043d\u0430\u0441"},"content":{"rendered":"<p>[vc_row fullwidth=&#8221;yes&#8221; img_halfrow=&#8221;yes&#8221; halfrow_image=&#8221;1872&#8243; img_columns=&#8221;6columns&#8221; img_position=&#8221;imgright&#8221;][vc_column css=&#8221;.vc_custom_1596192332924{padding-right: 100px !important;padding-left: 100px !important;}&#8221; offset=&#8221;vc_hidden-sm vc_hidden-xs&#8221;]\t<!-- Element: OT Quick Office -->\n\t<div class=\"side-bg\">\n\n\t\t<div class=\"image-container hidden-xs pull-right right0 col-md-6 col-md-offset-6\" style=\"background-image:url(); ?>\" data-delay=\"0\"><\/div>\n\n\t\t<!-- Added this code in 26\/03\/2019 -->\n\t\t<img class=\"visible-xs img-responsive\" src=\"\" \/>\n\n        <div class=\"container\">\n            <div class=\"row\">\n                <div class=\"inner-padding\">\n                    <div class=\"col-md-5 wow fadeInLeft\" data-wow-delay=\".2s\">\n                        <h2>MELIKOR O\u00dc \u0417\u0410\u041d\u0418\u041c\u0410\u0415\u0422\u0421\u042f \u041f\u0420\u041e\u0418\u0417\u0412\u041e\u0414\u0421\u0422\u0412\u041e\u041c \u041c\u0415\u0411\u0415\u041b\u0418 \u041d\u0410 \u0417\u0410\u041a\u0410\u0417 \u0421 2011 \u0413\u041e\u0414\u0410.<\/h2><br\/>\n                        \u0417\u0430 \u044d\u0442\u043e \u0432\u0440\u0435\u043c\u044f \u043d\u0430\u0440\u0430\u0431\u043e\u0442\u0430\u043d\u044b \u043e\u0440\u0438\u0433\u0438\u043d\u0430\u043b\u044c\u043d\u044b\u0435 \u0434\u0438\u0437\u0430\u0439\u043d\u0435\u0440\u0441\u043a\u0438\u0435 \u0438 \u043a\u043e\u043d\u0441\u0442\u0440\u0443\u043a\u0442\u043e\u0440\u0441\u043a\u0438\u0435 \u0440\u0435\u0448\u0435\u043d\u0438\u044f, \u0447\u0442\u043e \u043f\u043e\u0437\u0432\u043e\u043b\u044f\u0435\u0442 \u043a\u043e\u043d\u043a\u0443\u0440\u0438\u0440\u043e\u0432\u0430\u0442\u044c \u0441 \u0434\u0440\u0443\u0433\u0438\u043c\u0438 \u0438\u0437\u0433\u043e\u0442\u043e\u0432\u0438\u0442\u0435\u043b\u044f\u043c\u0438 \u043c\u0435\u0431\u0435\u043b\u0438 \u043f\u043e \u0441\u043e\u043e\u0442\u043d\u043e\u0448\u0435\u043d\u0438\u044e \u0446\u0435\u043d\u0430\/\u043a\u0430\u0447\u0435\u0441\u0442\u0432\u043e.<\/p>\n<p>\u041d\u0430\u0448\u0438\u043c \u0437\u0430\u043a\u0430\u0437\u0447\u0438\u043a\u0430\u043c \u043c\u044b \u043f\u0440\u0435\u0434\u043b\u0430\u0433\u0430\u0435\u043c:<br \/>\n\u2014 \u041a\u043e\u043d\u0441\u0443\u043b\u044c\u0442\u0430\u0446\u0438\u044e \u0434\u0438\u0437\u0430\u0439\u043d\u0435\u0440\u0430, \u0440\u0435\u043a\u043e\u043c\u0435\u043d\u0434\u0430\u0446\u0438\u0438 \u043f\u043e \u043c\u0430\u0442\u0435\u0440\u0438\u0430\u043b\u0430\u043c \u0438 \u0444\u0443\u0440\u043d\u0438\u0442\u0443\u0440\u0435.<br \/>\n\u2014 \u0421\u043e\u0437\u0434\u0430\u043d\u0438\u0435 \u0438\u043d\u0434\u0438\u0432\u0438\u0434\u0443\u0430\u043b\u044c\u043d\u043e\u0433\u043e \u0434\u0438\u0437\u0430\u0439\u043d \u043f\u0440\u043e\u0435\u043a\u0442\u0430 \u0432 3D-\u043f\u0440\u043e\u0433\u0440\u0430\u043c\u043c\u0435.<br \/>\n\u2014 \u0412\u044b\u0435\u0437\u0434 \u0441\u043f\u0435\u0446\u0438\u0430\u043b\u0438\u0441\u0442\u0430 \u043f\u043e \u0437\u0430\u043c\u0435\u0440\u0430\u043c \u043f\u043e\u043c\u0435\u0449\u0435\u043d\u0438\u044f<br \/>\n\u2014 H\u0435\u043f\u043e\u0441\u0440\u0435\u0434\u0441\u0442\u0432\u0435\u043d\u043d\u043e \u043f\u0440\u043e\u0438\u0437\u0432\u043e\u0434\u0441\u0442\u0432\u043e \u043c\u0435\u0431\u0435\u043b\u0438<br \/>\n\u2014 \u0414\u043e\u0441\u0442\u0430\u0432\u043a\u0443, \u043f\u043e\u0434\u044a\u0435\u043c \u043d\u0430 \u044d\u0442\u0430\u0436, \u0441\u0431\u043e\u0440\u043a\u0443 \u0438 \u043c\u043e\u043d\u0442\u0430\u0436. \u041f\u043e\u0434\u043a\u043b\u044e\u0447\u0435\u043d\u0438\u0435 \u0441\u0430\u043d\u0442\u0435\u0445\u043d\u0438\u043a\u0438, \u0432\u0441\u0442\u0440\u043e\u0435\u043d\u043d\u043e\u0439 \u0431\u044b\u0442\u043e\u0432\u043e\u0439 \u0442\u0435\u0445\u043d\u0438\u043a\u0438 \u0438 \u0441\u0432\u0435\u0442\u043e\u0432\u044b\u0445 \u043f\u0440\u0438\u0431\u043e\u0440\u043e\u0432.<br \/>\n\u2014 \u0413\u0430\u0440\u0430\u043d\u0442\u0438\u0439\u043d\u043e\u0435 \u043e\u0431\u0441\u043b\u0443\u0436\u0438\u0432\u0430\u043d\u0438\u0435.<\/p>\n<p>\u041f\u043e\u043c\u0438\u043c\u043e \u041a\u0423\u0425\u041e\u041d\u041d\u041e\u0419 \u041c\u0415\u0411\u0415\u041b\u0418 \u0438 \u0428\u041a\u0410\u0424\u041e\u0412 \u0441 \u0440\u0430\u0437\u0434\u0432\u0438\u0436\u043d\u044b\u043c\u0438 \u0434\u0432\u0435\u0440\u044c\u043c\u0438, \u043c\u044b \u043f\u0440\u043e\u0438\u0437\u0432\u0435\u0434\u0435\u043c:<br \/>\n\u2014 \u0413\u0410\u0420\u0414\u0415\u0420\u041e\u0411\u041d\u042b\u0415<br \/>\n\u2014 \u0421\u041f\u0410\u041b\u042c\u041d\u0418<br \/>\n\u2014 \u0414\u0415\u0422\u0421\u041a\u0418\u0415<br \/>\n\u2014 \u0413\u041e\u0421\u0422\u0418\u041d\u042b\u0415<br \/>\n\u2014 \u041a\u0410\u0411\u0418\u041d\u0415\u0422\u042b, \u0420\u0410\u0411\u041e\u0427\u0418\u0415 \u0418 \u0423\u0427\u0415\u041d\u0418\u0427\u0415\u0421\u041a\u0418\u0415 \u0417\u041e\u041d\u042b<br \/>\n\u2014 \u0411\u0418\u0411\u041b\u0418\u041e\u0422\u0415\u041a\u0418, \u041c\u0415\u0411\u0415\u041b\u042c \u0414\u041b\u042f \u041e\u0424\u0418\u0421\u0410<br \/>\n\u2013 \u041b\u042e\u0411\u0423\u042e \u043a\u043e\u0440\u043f\u0443\u0441\u043d\u0443\u044e \u0438 \u0432\u0441\u0442\u0440\u043e\u0435\u043d\u043d\u0443\u044e \u043c\u0435\u0431\u0435\u043b\u044c \u043f\u043e \u0432\u0430\u0448\u0438\u043c \u0440\u0430\u0437\u043c\u0435\u0440\u0430\u043c. \u0423\u041d\u0418\u041a\u0410\u041b\u042c\u041d\u0410\u042f \u043c\u0435\u0431\u0435\u043b\u044c-\u0442\u0440\u0430\u043d\u0444\u043e\u0440\u043c\u0435\u0440 \u0438 \u0434\u0440\u0443\u0433\u0430\u044f \u043c\u043d\u043e\u0433\u043e\u0444\u0443\u043d\u043a\u0446\u0438\u043e\u043d\u0430\u043b\u044c\u043d\u0430\u044f \u043c\u0435\u0431\u0435\u043b\u044c.<\/p>\n<p>\u0412\u0441\u0435 \u0437\u0430\u0432\u0438\u0441\u0438\u0442 \u0442\u043e\u043b\u044c\u043a\u043e \u043e\u0442 \u0412\u0430\u0448\u0438\u0445 \u041f\u041e\u0416\u0415\u041b\u0410\u041d\u0418\u0419!                    <\/div>\n                    <div class=\"clearfix\"><\/div>\n                <\/div>\n            <\/div>\n        <\/div>\n\t<\/div>\n\n[\/vc_column][\/vc_row][vc_row][vc_column offset=&#8221;vc_hidden-lg vc_hidden-md&#8221; css=&#8221;.vc_custom_1596193066767{margin-top: -100px !important;margin-bottom: 50px !important;}&#8221;][vc_column_text]Selle aja jooksul omandatud originaalsed kujundus- ja konstrueerimislahendused v\u00f5imaldavad konkureerida teiste m\u00f6\u00f6blitootjatega hinna ja kvaliteedi osas.<\/p>\n<p>\u041d\u0430\u0448\u0438\u043c \u0437\u0430\u043a\u0430\u0437\u0447\u0438\u043a\u0430\u043c \u043c\u044b \u043f\u0440\u0435\u0434\u043b\u0430\u0433\u0430\u0435\u043c:<br \/>\n\u2014 \u041a\u043e\u043d\u0441\u0443\u043b\u044c\u0442\u0430\u0446\u0438\u044e \u0434\u0438\u0437\u0430\u0439\u043d\u0435\u0440\u0430, \u0440\u0435\u043a\u043e\u043c\u0435\u043d\u0434\u0430\u0446\u0438\u0438 \u043f\u043e \u043c\u0430\u0442\u0435\u0440\u0438\u0430\u043b\u0430\u043c \u0438 \u0444\u0443\u0440\u043d\u0438\u0442\u0443\u0440\u0435.<br \/>\n\u2014 \u0421\u043e\u0437\u0434\u0430\u043d\u0438\u0435 \u0438\u043d\u0434\u0438\u0432\u0438\u0434\u0443\u0430\u043b\u044c\u043d\u043e\u0433\u043e \u0434\u0438\u0437\u0430\u0439\u043d \u043f\u0440\u043e\u0435\u043a\u0442\u0430 \u0432 3D-\u043f\u0440\u043e\u0433\u0440\u0430\u043c\u043c\u0435.<br \/>\n\u2014 \u0412\u044b\u0435\u0437\u0434 \u0441\u043f\u0435\u0446\u0438\u0430\u043b\u0438\u0441\u0442\u0430 \u043f\u043e \u0437\u0430\u043c\u0435\u0440\u0430\u043c \u043f\u043e\u043c\u0435\u0449\u0435\u043d\u0438\u044f<br \/>\n\u2014 H\u0435\u043f\u043e\u0441\u0440\u0435\u0434\u0441\u0442\u0432\u0435\u043d\u043d\u043e \u043f\u0440\u043e\u0438\u0437\u0432\u043e\u0434\u0441\u0442\u0432\u043e \u043c\u0435\u0431\u0435\u043b\u0438<br \/>\n\u2014 \u0414\u043e\u0441\u0442\u0430\u0432\u043a\u0443, \u043f\u043e\u0434\u044a\u0435\u043c \u043d\u0430 \u044d\u0442\u0430\u0436, \u0441\u0431\u043e\u0440\u043a\u0443 \u0438 \u043c\u043e\u043d\u0442\u0430\u0436. \u041f\u043e\u0434\u043a\u043b\u044e\u0447\u0435\u043d\u0438\u0435 \u0441\u0430\u043d\u0442\u0435\u0445\u043d\u0438\u043a\u0438, \u0432\u0441\u0442\u0440\u043e\u0435\u043d\u043d\u043e\u0439 \u0431\u044b\u0442\u043e\u0432\u043e\u0439 \u0442\u0435\u0445\u043d\u0438\u043a\u0438 \u0438 \u0441\u0432\u0435\u0442\u043e\u0432\u044b\u0445 \u043f\u0440\u0438\u0431\u043e\u0440\u043e\u0432.<br \/>\n\u2014 \u0413\u0430\u0440\u0430\u043d\u0442\u0438\u0439\u043d\u043e\u0435 \u043e\u0431\u0441\u043b\u0443\u0436\u0438\u0432\u0430\u043d\u0438\u0435.<\/p>\n<p>\u041f\u043e\u043c\u0438\u043c\u043e \u041a\u0423\u0425\u041e\u041d\u041d\u041e\u0419 \u041c\u0415\u0411\u0415\u041b\u0418 \u0438 \u0428\u041a\u0410\u0424\u041e\u0412 \u0441 \u0440\u0430\u0437\u0434\u0432\u0438\u0436\u043d\u044b\u043c\u0438 \u0434\u0432\u0435\u0440\u044c\u043c\u0438, \u043c\u044b \u043f\u0440\u043e\u0438\u0437\u0432\u0435\u0434\u0435\u043c:<br \/>\n\u2014 \u0413\u0410\u0420\u0414\u0415\u0420\u041e\u0411\u041d\u042b\u0415<br \/>\n\u2014 \u0421\u041f\u0410\u041b\u042c\u041d\u0418<br \/>\n\u2014 \u0414\u0415\u0422\u0421\u041a\u0418\u0415<br \/>\n\u2014 \u0413\u041e\u0421\u0422\u0418\u041d\u042b\u0415<br \/>\n\u2014 \u041a\u0410\u0411\u0418\u041d\u0415\u0422\u042b, \u0420\u0410\u0411\u041e\u0427\u0418\u0415 \u0418 \u0423\u0427\u0415\u041d\u0418\u0427\u0415\u0421\u041a\u0418\u0415 \u0417\u041e\u041d\u042b<br \/>\n\u2014 \u0411\u0418\u0411\u041b\u0418\u041e\u0422\u0415\u041a\u0418, \u041c\u0415\u0411\u0415\u041b\u042c \u0414\u041b\u042f \u041e\u0424\u0418\u0421\u0410<br \/>\n\u2013 \u041b\u042e\u0411\u0423\u042e \u043a\u043e\u0440\u043f\u0443\u0441\u043d\u0443\u044e \u0438 \u0432\u0441\u0442\u0440\u043e\u0435\u043d\u043d\u0443\u044e \u043c\u0435\u0431\u0435\u043b\u044c \u043f\u043e \u0432\u0430\u0448\u0438\u043c \u0440\u0430\u0437\u043c\u0435\u0440\u0430\u043c. \u0423\u041d\u0418\u041a\u0410\u041b\u042c\u041d\u0410\u042f \u043c\u0435\u0431\u0435\u043b\u044c-\u0442\u0440\u0430\u043d\u0444\u043e\u0440\u043c\u0435\u0440 \u0438 \u0434\u0440\u0443\u0433\u0430\u044f \u043c\u043d\u043e\u0433\u043e\u0444\u0443\u043d\u043a\u0446\u0438\u043e\u043d\u0430\u043b\u044c\u043d\u0430\u044f \u043c\u0435\u0431\u0435\u043b\u044c.<\/p>\n<p>K\u00f5ik s\u00f5ltub ainult Teie SOOVIST![\/vc_column_text][\/vc_column][\/vc_row][vc_row el_class=&#8221;call-to-action bg-color text-light&#8221; css=&#8221;.vc_custom_1596131158395{padding-top: 30px !important;padding-bottom: 40px !important;background-color: #eaeaea !important;}&#8221;][vc_column width=&#8221;2\/3&#8243;]\n\t<!-- Element: OT Heading --> \t \n\t<h3 class=\"ot_custom_heading mt20\" style=\"color: #ff0000;\" >\u0421\u0432\u044f\u0436\u0438\u0442\u0435\u0441\u044c \u0441 \u043d\u0430\u043c\u0438<\/h3>\t\n[\/vc_column][vc_column width=&#8221;1\/3&#8243; el_class=&#8221;text-right&#8221;]\t\t\t\n\t<!-- Element: OT Button 2 --> \n\t<a href=\"http:\/\/melikor.ee\/ru\/kontakt\/\" title=\"\u041a\u043e\u043d\u0442\u0430\u043a\u0442\" target=\"_self\" class=\"btn btn-line btn-big mt10\">\u041a\u043e\u043d\u0442\u0430\u043a\u0442<\/a>\t\n[\/vc_column][\/vc_row]<\/p>","protected":false},"excerpt":{"rendered":"<p>[vc_row fullwidth=&#8221;yes&#8221; img_halfrow=&#8221;yes&#8221; halfrow_image=&#8221;1872&#8243; img_columns=&#8221;6columns&#8221; img_position=&#8221;imgright&#8221;][vc_column css=&#8221;.vc_custom_1596192332924{padding-right: 100px !important;padding-left: 100px !important;}&#8221; offset=&#8221;vc_hidden-sm vc_hidden-xs&#8221;][\/vc_column][\/vc_row][vc_row][vc_column offset=&#8221;vc_hidden-lg vc_hidden-md&#8221; css=&#8221;.vc_custom_1596193066767{margin-top: -100px !important;margin-bottom: 50px !important;}&#8221;][vc_column_text]Selle aja jooksul omandatud originaalsed kujundus- ja konstrueerimislahendused v\u00f5imaldavad konkureerida teiste m\u00f6\u00f6blitootjatega hinna ja kvaliteedi osas. Pakume oma tellijatele j\u00e4rgmisi teenuseid: \u2013 Kujundaja konsultatsioon materjali ja furnituuri valikul \u2013 Individuaalse 3D-kujundusprojekti koostamine \u2013 Spetsialisti kohaletulek m\u00f5\u00f5tmete [&hellip;]<\/p>","protected":false},"author":1,"featured_media":0,"parent":0,"menu_order":0,"comment_status":"closed","ping_status":"closed","template":"page-templates\/template-fullwidth.php","meta":[],"_links":{"self":[{"href":"http:\/\/melikor.ee\/ru\/wp-json\/wp\/v2\/pages\/1295"}],"collection":[{"href":"http:\/\/melikor.ee\/ru\/wp-json\/wp\/v2\/pages"}],"about":[{"href":"http:\/\/melikor.ee\/ru\/wp-json\/wp\/v2\/types\/page"}],"author":[{"embeddable":true,"href":"http:\/\/melikor.ee\/ru\/wp-json\/wp\/v2\/users\/1"}],"replies":[{"embeddable":true,"href":"http:\/\/melikor.ee\/ru\/wp-json\/wp\/v2\/comments?post=1295"}],"version-history":[{"count":2,"href":"http:\/\/melikor.ee\/ru\/wp-json\/wp\/v2\/pages\/1295\/revisions"}],"predecessor-version":[{"id":2075,"href":"http:\/\/melikor.ee\/ru\/wp-json\/wp\/v2\/pages\/1295\/revisions\/2075"}],"wp:attachment":[{"href":"http:\/\/melikor.ee\/ru\/wp-json\/wp\/v2\/media?parent=1295"}],"curies":[{"name":"wp","href":"https:\/\/api.w.org\/{rel}","templated":true}]}}